{"id":157,"date":"2025-06-09T14:20:41","date_gmt":"2025-06-09T11:20:41","guid":{"rendered":"http:\/\/www.iusbk.org\/?page_id=157"},"modified":"2025-06-09T14:20:42","modified_gmt":"2025-06-09T11:20:42","slug":"hos-geldiniz","status":"publish","type":"page","link":"https:\/\/www.iusbk.org\/","title":{"rendered":"Ho\u015f geldiniz!"},"content":{"rendered":"\n<p>T\u00fcrk sporunun k\u00f6kl\u00fc ge\u00e7mi\u015finde, 1914 y\u0131l\u0131na uzanan derin izleriyle yer alan kul\u00fcb\u00fcm\u00fcz, &#8220;Cuma Ligleri&#8221; futbol fikst\u00fcrlerinde &#8220;DAR\u2019\u00dcL-F\u00dcNUN-U STAMBUL&#8221; (\u0130stanbul \u00dcniversitesi) ad\u0131yla an\u0131lmaktayd\u0131. Bu durum, \u00dcniversitemizin spor faaliyetlerinin y\u00fcz y\u0131l\u0131 a\u015fk\u0131n bir maziye sahip oldu\u011funu ve kul\u00fcb\u00fcm\u00fcz\u00fcn bu miras\u0131n \u00f6nemli bir par\u00e7as\u0131 oldu\u011funu kan\u0131tlamaktad\u0131r. Hatta Futbol Federasyonu&#8217;nun ilk ba\u015fkan\u0131 olan Sami Bey&#8217;in &#8220;Sami-i Dar\u2019\u00fcl-f\u00fcnun&#8221; (\u00dcniversite&#8217;den Sami) olarak an\u0131lmas\u0131, bu k\u00f6kl\u00fc ba\u011f\u0131n en g\u00fc\u00e7l\u00fc g\u00f6stergelerindendir.<\/p>\n\n\n\n<h2 class=\"wp-block-heading\">Ge\u00e7mi\u015ften Bug\u00fcne Bir Spor \u00c7\u0131nar\u0131<\/h2>\n\n\n\n<p>Kul\u00fcb\u00fcm\u00fcz\u00fcn ilk tohumlar\u0131 1900&#8217;lerin ba\u015f\u0131na dayansa da, resmi federasyon yap\u0131s\u0131n\u0131 1953 y\u0131l\u0131nda, d\u00f6nemin Rekt\u00f6r\u00fc <strong>Prof. Dr. Fahir Yeni\u00e7ay<\/strong> liderli\u011finde kazanm\u0131\u015ft\u0131r. 3530 say\u0131l\u0131 Beden Terbiyesi Kanunu ve 1630 say\u0131l\u0131 Dernekler Kanunu&#8217;na uygun olarak kurulan kul\u00fcb\u00fcm\u00fcz, o y\u0131llardan itibaren \u00e7e\u015fitli bran\u015flarda Beden Terbiyesi Umum M\u00fcd\u00fcrl\u00fc\u011f\u00fc (BTUM) ve \u00dcniversiteleraras\u0131 Spor Faaliyetleri&#8217;ne aktif olarak kat\u0131lm\u0131\u015ft\u0131r.<\/p>\n\n\n\n<figure class=\"wp-block-image size-full is-resized\"><img loading=\"lazy\" decoding=\"async\" width=\"577\" height=\"407\" src=\"http:\/\/www.iusbk.org\/wp-content\/uploads\/2023\/05\/2020-11-16-15-46-www.dailymotion.com_.png\" alt=\"\" class=\"wp-image-69\" style=\"width:315px;height:auto\" srcset=\"https:\/\/www.iusbk.org\/wp-content\/uploads\/2023\/05\/2020-11-16-15-46-www.dailymotion.com_.png 577w, https:\/\/www.iusbk.org\/wp-content\/uploads\/2023\/05\/2020-11-16-15-46-www.dailymotion.com_-300x212.png 300w\" sizes=\"auto, (max-width: 577px) 100vw, 577px\" \/><\/figure>\n\n\n\n<p>1971&#8217;deki zorlu d\u00f6nemlerde ekonomik s\u0131k\u0131nt\u0131lar ya\u015fansa da, \u0130stanbul \u00dcniversitesi Spor Kul\u00fcb\u00fc (\u0130\u00dcSK) asla kapanmam\u0131\u015f, aksine g\u00fc\u00e7l\u00fc duru\u015fuyla faaliyetlerini s\u00fcrd\u00fcrm\u00fc\u015ft\u00fcr. 1975&#8217;ten itibaren <strong>\u0130stanbul \u00dcniversitesi Spor Birli\u011fi (\u0130\u00dcSB)<\/strong> ad\u0131yla \u00dcniversitemize ba\u011fl\u0131 yeni bir spor olu\u015fumu olarak hizmet vermeye devam etmi\u015ftir.<\/p>\n\n\n\n<p>1982 y\u0131l\u0131, kul\u00fcb\u00fcm\u00fcz i\u00e7in \u00f6nemli bir d\u00f6n\u00fcm noktas\u0131 olmu\u015ftur. \u00dcniversite d\u0131\u015f\u0131ndan da gen\u00e7lere ve spora hizmet verme vizyonuyla, \u0130stanbul \u00dcniversitesi Spor Kul\u00fcb\u00fc, genel kurul karar\u0131yla kendisini feshederek \u0130stanbul \u00dcniversitesi Spor Birli\u011fi (\u0130\u00dcSB)&#8217;ne kat\u0131lm\u0131\u015ft\u0131r. Bu birle\u015fmeyle haz\u0131rlanan yeni <strong>Spor Birli\u011fi ve Kul\u00fcb\u00fc (\u0130\u00dcSBK) T\u00fcz\u00fc\u011f\u00fc<\/strong>, \u0130stanbul \u00dcniversitesi Senatosu&#8217;nun onay\u0131yla y\u00fcr\u00fcrl\u00fc\u011fe girmi\u015f ve kul\u00fcb\u00fcm\u00fcz 22.06.1982 tarihinde bir <strong>M\u00dcESSESE KUL\u00dcB\u00dc<\/strong> olarak tescillenmi\u015ftir. Bu tescil, 25.06.1982 tarihli resmi yaz\u0131yla kabul edilmi\u015f ve 04.07.1982 tarihli Resmi Gazete&#8217;de yay\u0131mlanarak kul\u00fcb\u00fcm\u00fcz\u00fcn yeni yap\u0131s\u0131 tamamlanm\u0131\u015ft\u0131r.<\/p>\n\n\n\n<hr class=\"wp-block-separator has-alpha-channel-opacity\"\/>\n\n\n\n<h2 class=\"wp-block-heading\">G\u00fcncel Yap\u0131m\u0131z ve Vizyonumuz<\/h2>\n\n\n\n<p>Son olarak, <strong>26 Nisan 2022 tarihi itibar\u0131yla y\u00fcr\u00fcrl\u00fc\u011fe giren 7405 Say\u0131l\u0131 Spor Kul\u00fcpleri ve Spor Federasyonlar\u0131 Kanunu gere\u011fince<\/strong>, kul\u00fcb\u00fcm\u00fcz 16\/09\/2024 tarihinde ger\u00e7ekle\u015ftirdi\u011fi ola\u011fan\u00fcst\u00fc genel kurul sonucunda t\u00fcz\u00fc\u011f\u00fcn\u00fc yeni kanuna uygun hale getirmi\u015f ve <strong>\u0130stanbul \u00dcniversitesi Spor Birli\u011fi Spor Kul\u00fcb\u00fc<\/strong> ad\u0131n\u0131 alm\u0131\u015ft\u0131r.<\/p>\n\n\n\n<p>1982 y\u0131l\u0131ndan bu yana aral\u0131ks\u0131z faaliyetini s\u00fcrd\u00fcren kul\u00fcb\u00fcm\u00fcz, T\u00fcrk Sporu&#8217;na, \u00dcniversite i\u00e7indeki ve d\u0131\u015f\u0131ndaki gen\u00e7lere ve t\u00fcm vatanda\u015flara ayr\u0131cal\u0131k g\u00f6zetmeksizin hizmet vermeye devam etmektedir.<\/p>\n\n\n\n<p>Tarihsel yakla\u015f\u0131m\u0131m\u0131zla kul\u00fcb\u00fcm\u00fcz, \u00fclkemizin en k\u00f6kl\u00fc spor kul\u00fcplerinden biri olmakla kalmay\u0131p, b\u00fcnyesinde bar\u0131nd\u0131rd\u0131\u011f\u0131 <strong>35 farkl\u0131 bran\u015fla<\/strong> T\u00fcrkiye&#8217;de en fazla bran\u015f\u0131 bulunduran spor kul\u00fcplerinden biri olma \u00f6zelli\u011fini gururla ta\u015f\u0131maktad\u0131r.<\/p>\n","protected":false},"excerpt":{"rendered":"<p>T\u00fcrk sporunun k\u00f6kl\u00fc ge\u00e7mi\u015finde, 1914 y\u0131l\u0131na uzanan derin izleriyle yer alan kul\u00fcb\u00fcm\u00fcz, &#8220;Cuma Ligleri&#8221; futbol [&hellip;]<\/p>\n","protected":false},"author":1,"featured_media":0,"parent":0,"menu_order":0,"comment_status":"closed","ping_status":"closed","template":"","meta":{"footnotes":""},"class_list":["post-157","page","type-page","status-publish","hentry"],"_links":{"self":[{"href":"https:\/\/www.iusbk.org\/index.php?rest_route=\/wp\/v2\/pages\/157","targetHints":{"allow":["GET"]}}],"collection":[{"href":"https:\/\/www.iusbk.org\/index.php?rest_route=\/wp\/v2\/pages"}],"about":[{"href":"https:\/\/www.iusbk.org\/index.php?rest_route=\/wp\/v2\/types\/page"}],"author":[{"embeddable":true,"href":"https:\/\/www.iusbk.org\/index.php?rest_route=\/wp\/v2\/users\/1"}],"replies":[{"embeddable":true,"href":"https:\/\/www.iusbk.org\/index.php?rest_route=%2Fwp%2Fv2%2Fcomments&post=157"}],"version-history":[{"count":1,"href":"https:\/\/www.iusbk.org\/index.php?rest_route=\/wp\/v2\/pages\/157\/revisions"}],"predecessor-version":[{"id":158,"href":"https:\/\/www.iusbk.org\/index.php?rest_route=\/wp\/v2\/pages\/157\/revisions\/158"}],"wp:attachment":[{"href":"https:\/\/www.iusbk.org\/index.php?rest_route=%2Fwp%2Fv2%2Fmedia&parent=157"}],"curies":[{"name":"wp","href":"https:\/\/api.w.org\/{rel}","templated":true}]}}