{"id":49,"date":"2023-05-12T20:32:28","date_gmt":"2023-05-12T17:32:28","guid":{"rendered":"http:\/\/www.iusbk.org\/?page_id=49"},"modified":"2025-06-09T13:56:24","modified_gmt":"2025-06-09T10:56:24","slug":"kulup-hakkinda","status":"publish","type":"page","link":"http:\/\/www.iusbk.org\/?page_id=49","title":{"rendered":"Kul\u00fcp Hakk\u0131nda"},"content":{"rendered":"\n<p>T\u00fcrk Spor Tarihi incelendi\u011finde, 1914 y\u0131l\u0131nda kurulan ve \u201cCuma Ligleri\u201d ad\u0131 alt\u0131nda oynanan Futbol Ligleri fikst\u00fcr\u00fcnde, \u201cDAR\u2019\u00dcL-F\u00dcNUN-U STAMBUL\u201d (\u0130STANBUL \u00dcN\u0130VERS\u0130TES\u0130) ad\u0131na rastlamaktay\u0131z. Bu bize \u00dcniversitemizin spor faaliyetlerinin ne kadar eskiye dayand\u0131\u011f\u0131n\u0131 ve kul\u00fcb\u00fcm\u00fcz\u00fcn en az\u0131ndan 100 y\u0131ll\u0131k bir maziye sahip oldu\u011funu g\u00f6stermektedir. Futbol m\u00fcsabakalar\u0131n\u0131 d\u00fczenlemek ve y\u00f6netmek amac\u0131yla kurulan \u0130DMAN OCAKLARI CEM\u0130YET\u0130 (FUTBOL FEDERASYONU)\u2019nin ilk Ba\u015fkan\u0131 olan Sami Bey (devrin \u00f6nemli devlet adamlar\u0131ndan Deli Halit Pa\u015fa\u2019n\u0131n a\u011fabeyidir) \u201cSami-i Dar\u2019\u00fcl-f\u00fcnun\u201d (\u00dcniversite\u2019den Sami) olarak an\u0131l\u0131rd\u0131.<\/p>\n\n\n\n<p>Bu durumdan da anla\u015f\u0131laca\u011f\u0131 \u00fczere, ilk olu\u015fumu 1900\u2019l\u00fc y\u0131llar\u0131n ba\u015f\u0131na dayanan Spor Kul\u00fcb\u00fcm\u00fcz, 1953 y\u0131l\u0131nda 3530 say\u0131l\u0131 Beden Terbiyesi Kanunu\u2019nun 21. ve 22. maddeleri h\u00fck\u00fcmlerine ve 1630 say\u0131l\u0131 Dernekler Kanunu\u2019na g\u00f6re D\u00f6nemin Rekt\u00f6r\u00fc Prof.Dr. Fahir Yeni\u00e7ay taraf\u0131ndan Federe yap\u0131lm\u0131\u015f ve \u00e7e\u015fitli bran\u015flarda BTUM (Beden Terbiyesi Umum M\u00fcd\u00fcrl\u00fc\u011f\u00fc) faaliyetlerine ve daha sonraki y\u0131llarda kurulan \u00dcniversiteleraras\u0131 Spor Faaliyetlerine kat\u0131lm\u0131\u015ft\u0131r.<\/p>\n\n\n\n<p>12 Mart 1971 Muht\u0131ras\u0131 sonras\u0131 kurulan Nihat Erim h\u00fck\u00fcmeti d\u00f6neminde, dernek ve spor kul\u00fcplerinin, \u0130ktisadi Devlet Te\u015fekk\u00fclleri ve \u00dcniversiteler b\u00fcnyelerinde y\u00fcr\u00fctt\u00fckleri faaliyetleri i\u00e7in Katma B\u00fct\u00e7e\u2019den ayr\u0131lan \u00f6deneklerine son verilince, zor durumda kalan, ancak hi\u00e7bir zaman kapanmayan \u0130stanbul \u00dcniversitesi Spor Kul\u00fcb\u00fc (\u0130\u00dcSK), ya\u015fayabilmek i\u00e7in \u0130stanbul \u00dcniversitesi Spor Birli\u011fi (\u0130\u00dcSB) ad\u0131 alt\u0131nda, \u00dcniversitemize ba\u011fl\u0131 yeni bir spor olu\u015fumu olarak 1975 y\u0131l\u0131ndan itibaren faaliyetlerine devam etmi\u015ftir.<\/p>\n\n\n\n<p>\u0130stanbul \u00dcniversitesi Spor Kul\u00fcb\u00fc, \u00dcniversitemiz gen\u00e7li\u011finin ve \u00e7al\u0131\u015fanlar\u0131n\u0131n yan\u0131s\u0131ra, \u00dcniversite d\u0131\u015f\u0131ndan gen\u00e7lik kesimlerine de hizmet verebilmek i\u00e7in, 1982 y\u0131l\u0131nda, yap\u0131lan Genel Kurulu s\u0131ras\u0131nda kendisini fesh edipi \u0130stanbul \u00dcniversitesi Spor Birli\u011fi (\u0130\u00dcSB)\u2019ne kat\u0131lma karar\u0131 alm\u0131\u015ft\u0131r. Bu ger\u00e7ekle\u015ftikten sonra d\u00f6nemin Rekt\u00f6r\u00fc taraf\u0131ndan atanan \u00fc\u00e7 Profes\u00f6r ve bir Spor M\u00fcd\u00fcr\u00fc\u2019nden olu\u015fan komisyonca haz\u0131rlanan yeni Spor Birli\u011fi ve Kul\u00fcb\u00fc (\u0130\u00dcSBK) T\u00fcz\u00fc\u011f\u00fc, \u0130stanbul \u00dcniversitesi Senatosu\u2019nun onay\u0131ndan ge\u00e7erek y\u00fcr\u00fcrl\u00fc\u011fe girmi\u015f, bu ba\u011flamda bir M\u00dcESSESE KUL\u00dcB\u00dc olarak tescil edilmek \u00fczere 22.06.1982 tarihinde Beden Terbiyesi Umum M\u00fcd\u00fcrl\u00fc\u011f\u00fc\u2019ne ba\u015fvuruda bulunulmu\u015ftur. Beden Terbiyesi Umum M\u00fcd\u00fcrl\u00fc\u011f\u00fc Dan\u0131\u015fma Kurulu \u00dcyeleri\u2019nin onay\u0131 ile 25.06.1982 tarih ve 1711 say\u0131l\u0131 yaz\u0131 ile bu talebimiz kabul edilmi\u015f, 04.07.1982 tarih ve 17744 say\u0131l\u0131 resmi gazetede yay\u0131nlanarak kul\u00fcb\u00fcm\u00fcz\u00fcn yeni \u015fekliyle olu\u015fumu tamamlanm\u0131\u015ft\u0131r. <br><br>Son olarak 26 Nisan 2022 tarihi itibar\u0131yla y\u00fcr\u00fcrl\u00fc\u011fe giren 7405 Say\u0131l\u0131 Spor Kul\u00fcpleri ve Spor Federasyonlar\u0131 Kanunu gere\u011fince, kul\u00fcb\u00fcm\u00fcz 16\/09\/2024 tarihinde ger\u00e7ekle\u015ftirdi\u011fi ola\u011fan\u00fcst\u00fc genel kurul sonucunda t\u00fcz\u00fc\u011f\u00fcn\u00fc yeni kanuna uygun hale getirmi\u015f ve <strong>\u0130stanbul \u00dcniversitesi Spor Birli\u011fi Spor Kul\u00fcb\u00fc<\/strong> ad\u0131n\u0131 alm\u0131\u015ft\u0131r.<\/p>\n\n\n\n<p>1982 y\u0131l\u0131ndan bu yana faaliyetini s\u00fcrd\u00fcren Spor Kul\u00fcb\u00fcm\u00fcz, T\u00fcrk Sporu\u2019na, \u00dcniversite i\u00e7indeki ve d\u0131\u015f\u0131ndaki gen\u00e7lere ve vatanda\u015flara ayr\u0131cal\u0131k g\u00f6zetmeksizin hizmet vermeye devam etmektedir.<\/p>\n\n\n\n<p>Tarihsel &nbsp;yakla\u015f\u0131mla kul\u00fcb\u00fcm\u00fcz, \u00fclkemizin en k\u00f6kl\u00fc &nbsp;spor kul\u00fcplerinden biri olmakla beraber, &nbsp;b\u00fcnyesinde bulunan 35 bran\u015fla, T\u00fcrkiye\u2019de &nbsp;en fazla bran\u015f\u0131 b\u00fcnyesinde bulunduran spor &nbsp;kul\u00fcplerinden biri olma \u00f6zelli\u011fini de &nbsp;korumaktad\u0131r.<\/p>\n\n\n\n<p><strong>KUL\u00dcP BA\u015eKANLARIMIZ VE D\u00d6NEMLER\u0130<\/strong><\/p>\n\n\n\n<ul class=\"wp-block-list\">\n<li>Prof.Dr. B\u00fclent BAYRAKTAR (2021-)<\/li>\n\n\n\n<li>Prof.Dr. Mehmet Hamdi KURTO\u011eLU (2013 \u2013 2021)<\/li>\n\n\n\n<li>Prof.Dr. \u015eafak Sahir KARAMEHMETO\u011eLU (-)<\/li>\n\n\n\n<li>Prof.Dr. Cengiz \u00c7AKMAK (-)<\/li>\n\n\n\n<li>Prof.Dr. \u0130rfan PAP\u0130LA (-)<\/li>\n\n\n\n<li>Prof.Dr. Demir T\u0130RYAK\u0130 (-)<\/li>\n\n\n\n<li>Prof.Dr. Tahsin YE\u015e\u0130LDERE (-)<\/li>\n\n\n\n<li>Prof.Dr. Nail KIR (-)<\/li>\n\n\n\n<li>Prof.Dr. Turgay ATAS\u00dc (-)<\/li>\n\n\n\n<li>Prof.Dr. Kaya \u00c7\u0130L\u0130NG\u0130RO\u011eLU (-)<\/li>\n\n\n\n<li>Prof.Dr. Ali R\u0131za BERKEM (-)<\/li>\n\n\n\n<li>Sebahattin AKIN (-)<\/li>\n\n\n\n<li>Ord.Prof.Dr. S\u0131dd\u0131k Sami ONAR (-)<\/li>\n\n\n\n<li>Ord.Prof. Fahir YEN\u0130\u00c7AY (-)<\/li>\n\n\n\n<li>Prof.Dr. R\u00fckneddin T\u00d6Z\u00dcM (-)<\/li>\n\n\n\n<li>Ord.Prof.Dr. Sulhi D\u00d6NMEZER (-)<\/li>\n<\/ul>\n\n\n\n<p><\/p>\n\n\n\n<p><\/p>\n","protected":false},"excerpt":{"rendered":"<p>T\u00fcrk Spor Tarihi incelendi\u011finde, 1914 y\u0131l\u0131nda kurulan ve \u201cCuma Ligleri\u201d ad\u0131 alt\u0131nda oynanan Futbol Ligleri [&hellip;]<\/p>\n","protected":false},"author":1,"featured_media":69,"parent":0,"menu_order":0,"comment_status":"closed","ping_status":"closed","template":"","meta":{"footnotes":""},"class_list":["post-49","page","type-page","status-publish","has-post-thumbnail","hentry"],"_links":{"self":[{"href":"http:\/\/www.iusbk.org\/index.php?rest_route=\/wp\/v2\/pages\/49","targetHints":{"allow":["GET"]}}],"collection":[{"href":"http:\/\/www.iusbk.org\/index.php?rest_route=\/wp\/v2\/pages"}],"about":[{"href":"http:\/\/www.iusbk.org\/index.php?rest_route=\/wp\/v2\/types\/page"}],"author":[{"embeddable":true,"href":"http:\/\/www.iusbk.org\/index.php?rest_route=\/wp\/v2\/users\/1"}],"replies":[{"embeddable":true,"href":"http:\/\/www.iusbk.org\/index.php?rest_route=%2Fwp%2Fv2%2Fcomments&post=49"}],"version-history":[{"count":7,"href":"http:\/\/www.iusbk.org\/index.php?rest_route=\/wp\/v2\/pages\/49\/revisions"}],"predecessor-version":[{"id":145,"href":"http:\/\/www.iusbk.org\/index.php?rest_route=\/wp\/v2\/pages\/49\/revisions\/145"}],"wp:featuredmedia":[{"embeddable":true,"href":"http:\/\/www.iusbk.org\/index.php?rest_route=\/wp\/v2\/media\/69"}],"wp:attachment":[{"href":"http:\/\/www.iusbk.org\/index.php?rest_route=%2Fwp%2Fv2%2Fmedia&parent=49"}],"curies":[{"name":"wp","href":"https:\/\/api.w.org\/{rel}","templated":true}]}}