{"id":41,"date":"2023-05-12T20:24:39","date_gmt":"2023-05-12T17:24:39","guid":{"rendered":"http:\/\/www.iusbk.org\/?page_id=41"},"modified":"2025-06-09T14:36:40","modified_gmt":"2025-06-09T11:36:40","slug":"rafting","status":"publish","type":"page","link":"http:\/\/www.iusbk.org\/?page_id=41","title":{"rendered":"Rafting"},"content":{"rendered":"\n<p>D\u00fcnya Kul\u00fcpleri Kupas\u0131 \u015eampiyonu \u0130stanbul \u00dcniversitesi<\/p>\n","protected":false},"excerpt":{"rendered":"<p>D\u00fcnya Kul\u00fcpleri Kupas\u0131 \u015eampiyonu \u0130stanbul \u00dcniversitesi<\/p>\n","protected":false},"author":1,"featured_media":56,"parent":0,"menu_order":0,"comment_status":"closed","ping_status":"closed","template":"","meta":{"footnotes":""},"class_list":["post-41","page","type-page","status-publish","has-post-thumbnail","hentry"],"_links":{"self":[{"href":"http:\/\/www.iusbk.org\/index.php?rest_route=\/wp\/v2\/pages\/41","targetHints":{"allow":["GET"]}}],"collection":[{"href":"http:\/\/www.iusbk.org\/index.php?rest_route=\/wp\/v2\/pages"}],"about":[{"href":"http:\/\/www.iusbk.org\/index.php?rest_route=\/wp\/v2\/types\/page"}],"author":[{"embeddable":true,"href":"http:\/\/www.iusbk.org\/index.php?rest_route=\/wp\/v2\/users\/1"}],"replies":[{"embeddable":true,"href":"http:\/\/www.iusbk.org\/index.php?rest_route=%2Fwp%2Fv2%2Fcomments&post=41"}],"version-history":[{"count":2,"href":"http:\/\/www.iusbk.org\/index.php?rest_route=\/wp\/v2\/pages\/41\/revisions"}],"predecessor-version":[{"id":170,"href":"http:\/\/www.iusbk.org\/index.php?rest_route=\/wp\/v2\/pages\/41\/revisions\/170"}],"wp:featuredmedia":[{"embeddable":true,"href":"http:\/\/www.iusbk.org\/index.php?rest_route=\/wp\/v2\/media\/56"}],"wp:attachment":[{"href":"http:\/\/www.iusbk.org\/index.php?rest_route=%2Fwp%2Fv2%2Fmedia&parent=41"}],"curies":[{"name":"wp","href":"https:\/\/api.w.org\/{rel}","templated":true}]}}