{"id":252,"date":"2025-06-10T20:07:52","date_gmt":"2025-06-10T17:07:52","guid":{"rendered":"https:\/\/www.iusbk.org\/?page_id=252"},"modified":"2025-06-10T20:53:37","modified_gmt":"2025-06-10T17:53:37","slug":"yelken","status":"publish","type":"page","link":"http:\/\/www.iusbk.org\/?page_id=252","title":{"rendered":"Yelken"},"content":{"rendered":"\n<p>\u0130stanbul \u00dcniversitesi Yelken Tak\u0131m\u0131, denizcilik tutkusunu akademik disiplinle birle\u015ftiren, <strong>y\u00fcksek performansl\u0131 ve rekabet\u00e7i bir spor birimidir.<\/strong> Hedefimiz, denizcilik sporlar\u0131nda \u0130stanbul \u00dcniversitesi&#8217;ni en \u00fcst d\u00fczeyde temsil etmek ve ulusal ve uluslararas\u0131 arenada ba\u015far\u0131lar elde etmektir. Tak\u0131m\u0131m\u0131z, deneyimli yelkencilerden olu\u015fmakta olup, s\u00fcrekli e\u011fitim ve antrenmanlarla kendimizi geli\u015ftirmeye odaklanmaktay\u0131z.<\/p>\n\n\n\n<p>Y\u0131l boyunca T\u00fcrkiye genelindeki bir\u00e7ok <strong>prestijli yelken yar\u0131\u015f\u0131na<\/strong> kat\u0131larak \u0130stanbul \u00dcniversitesi&#8217;ni gururla temsil ediyoruz. <strong>G\u00f6cek K\u0131\u015f Trofesi, Denizk\u0131z\u0131 Ulusal Kad\u0131n Yelken Kupas\u0131, Campus Cup, BAUISC ve Cumhurba\u015fkanl\u0131\u011f\u0131 Yat Yar\u0131\u015flar\u0131<\/strong> gibi \u00f6nemli organizasyonlarda yer alarak hem sportif rekabetin hem de profesyonel tak\u0131m \u00e7al\u0131\u015fmas\u0131n\u0131n en iyi \u00f6rneklerini sergiliyoruz. Bu yar\u0131\u015flar, sadece madalya kazanma alanlar\u0131 de\u011fil, ayn\u0131 zamanda <strong>liderlik, stratejik d\u00fc\u015f\u00fcnme, kriz y\u00f6netimi ve m\u00fckemmel tak\u0131m uyumu<\/strong> gibi kritik becerileri geli\u015ftirme platformlar\u0131d\u0131r. Denizdeki her an, tak\u0131m olarak performans\u0131m\u0131z\u0131 en \u00fcst seviyeye ta\u015f\u0131mak i\u00e7in bir f\u0131rsatt\u0131r.<\/p>\n\n\n\n<p>\u0130stanbul \u00dcniversitesi Yelken Tak\u0131m\u0131 olarak, sadece sportif ba\u015far\u0131ya odaklanmakla kalm\u0131yor, ayn\u0131 zamanda <strong>bilimsel yakla\u015f\u0131mlar\u0131 ve teknolojik geli\u015fmeleri<\/strong> yelken sporuna entegre etmeye \u00f6zen g\u00f6steriyoruz. Teorik seminerler, ileri d\u00fczey deniz antrenmanlar\u0131, performans analizleri ve uzman workshoplar\u0131 ile \u00fcyelerimizin <strong>teknik bilgi ve becerilerini s\u00fcrekli art\u0131r\u0131yoruz.<\/strong> Bu sayede, hem bireysel yeteneklerimizi geli\u015ftiriyor hem de tak\u0131m olarak daha g\u00fc\u00e7l\u00fc bir sinerji yarat\u0131yoruz.<br><br>Deniz sevgisini t\u00fcm \u00fcniversitemize yaymak i\u00e7in elinden geleni yapan Komodorumuz ve Kaptan\u0131m\u0131z Say\u0131n Hasan \u015eim\u015fek&#8217;e verdikleri maddi ve manevi her t\u00fcrl\u00fc destek ve e\u011fitimler i\u00e7in \u00e7ok te\u015fekk\u00fcr ederiz. <\/p>\n\n\n\n<p>Denizde m\u00fckemmelli\u011fi hedefleyen, disiplinli, kararl\u0131 ve tak\u0131m ruhuna sahip yelkencileri \u0130stanbul \u00dcniversitesi Yelken Tak\u0131m\u0131&#8217;na davet ediyoruz.<\/p>\n\n\n\n<p>Daha fazla g\u00fcncel bilgi i\u00e7in &#8212;&gt; <a href=\"https:\/\/www.instagram.com\/iuyelken\/\">https:\/\/www.instagram.com\/iuyelken\/<\/a><\/p>\n\n\n\n<figure class=\"wp-block-image size-full\"><img loading=\"lazy\" decoding=\"async\" width=\"632\" height=\"787\" src=\"http:\/\/www.iusbk.org\/wp-content\/uploads\/2025\/06\/screenshoteasy-10-1.png\" alt=\"\" class=\"wp-image-256\" srcset=\"http:\/\/www.iusbk.org\/wp-content\/uploads\/2025\/06\/screenshoteasy-10-1.png 632w, http:\/\/www.iusbk.org\/wp-content\/uploads\/2025\/06\/screenshoteasy-10-1-241x300.png 241w\" sizes=\"auto, (max-width: 632px) 100vw, 632px\" \/><\/figure>\n\n\n\n<figure class=\"wp-block-image size-full\"><img loading=\"lazy\" decoding=\"async\" width=\"625\" height=\"779\" src=\"http:\/\/www.iusbk.org\/wp-content\/uploads\/2025\/06\/screenshoteasy-6-1.png\" alt=\"\" class=\"wp-image-260\" srcset=\"http:\/\/www.iusbk.org\/wp-content\/uploads\/2025\/06\/screenshoteasy-6-1.png 625w, http:\/\/www.iusbk.org\/wp-content\/uploads\/2025\/06\/screenshoteasy-6-1-241x300.png 241w\" sizes=\"auto, (max-width: 625px) 100vw, 625px\" \/><\/figure>\n\n\n\n<figure class=\"wp-block-image size-full\"><img loading=\"lazy\" decoding=\"async\" width=\"791\" height=\"483\" src=\"http:\/\/www.iusbk.org\/wp-content\/uploads\/2025\/06\/screenshoteasy-8-1.png\" alt=\"\" class=\"wp-image-258\" srcset=\"http:\/\/www.iusbk.org\/wp-content\/uploads\/2025\/06\/screenshoteasy-8-1.png 791w, http:\/\/www.iusbk.org\/wp-content\/uploads\/2025\/06\/screenshoteasy-8-1-300x183.png 300w, http:\/\/www.iusbk.org\/wp-content\/uploads\/2025\/06\/screenshoteasy-8-1-768x469.png 768w\" sizes=\"auto, (max-width: 791px) 100vw, 791px\" \/><\/figure>\n\n\n\n<figure class=\"wp-block-image size-full\"><img loading=\"lazy\" decoding=\"async\" width=\"771\" height=\"440\" src=\"http:\/\/www.iusbk.org\/wp-content\/uploads\/2025\/06\/screenshoteasy-7-1.png\" alt=\"\" class=\"wp-image-259\" srcset=\"http:\/\/www.iusbk.org\/wp-content\/uploads\/2025\/06\/screenshoteasy-7-1.png 771w, http:\/\/www.iusbk.org\/wp-content\/uploads\/2025\/06\/screenshoteasy-7-1-300x171.png 300w, http:\/\/www.iusbk.org\/wp-content\/uploads\/2025\/06\/screenshoteasy-7-1-768x438.png 768w\" sizes=\"auto, (max-width: 771px) 100vw, 771px\" \/><\/figure>\n\n\n\n<figure class=\"wp-block-image size-full\"><img loading=\"lazy\" decoding=\"async\" width=\"811\" height=\"727\" src=\"http:\/\/www.iusbk.org\/wp-content\/uploads\/2025\/06\/screenshoteasy-11-1.png\" alt=\"\" class=\"wp-image-255\" srcset=\"http:\/\/www.iusbk.org\/wp-content\/uploads\/2025\/06\/screenshoteasy-11-1.png 811w, http:\/\/www.iusbk.org\/wp-content\/uploads\/2025\/06\/screenshoteasy-11-1-300x269.png 300w, http:\/\/www.iusbk.org\/wp-content\/uploads\/2025\/06\/screenshoteasy-11-1-768x688.png 768w\" sizes=\"auto, (max-width: 811px) 100vw, 811px\" \/><\/figure>\n\n\n\n<figure class=\"wp-block-image size-full\"><img decoding=\"async\" src=\"http:\/\/www.iusbk.org\/wp-content\/uploads\/2025\/06\/screenshoteasy-12-1.png\" alt=\"\" class=\"wp-image-254\"\/><\/figure>\n\n\n\n<figure class=\"wp-block-image size-full\"><img loading=\"lazy\" decoding=\"async\" width=\"810\" height=\"564\" src=\"http:\/\/www.iusbk.org\/wp-content\/uploads\/2025\/06\/screenshoteasy-13-1.png\" alt=\"\" class=\"wp-image-253\" srcset=\"http:\/\/www.iusbk.org\/wp-content\/uploads\/2025\/06\/screenshoteasy-13-1.png 810w, http:\/\/www.iusbk.org\/wp-content\/uploads\/2025\/06\/screenshoteasy-13-1-300x209.png 300w, http:\/\/www.iusbk.org\/wp-content\/uploads\/2025\/06\/screenshoteasy-13-1-768x535.png 768w\" sizes=\"auto, (max-width: 810px) 100vw, 810px\" \/><\/figure>\n\n\n\n<figure class=\"wp-block-image size-full\"><img loading=\"lazy\" decoding=\"async\" width=\"660\" height=\"774\" src=\"http:\/\/www.iusbk.org\/wp-content\/uploads\/2025\/06\/screenshoteasy-9-1.png\" alt=\"\" class=\"wp-image-257\" srcset=\"http:\/\/www.iusbk.org\/wp-content\/uploads\/2025\/06\/screenshoteasy-9-1.png 660w, http:\/\/www.iusbk.org\/wp-content\/uploads\/2025\/06\/screenshoteasy-9-1-256x300.png 256w\" sizes=\"auto, (max-width: 660px) 100vw, 660px\" \/><\/figure>\n","protected":false},"excerpt":{"rendered":"<p>\u0130stanbul \u00dcniversitesi Yelken Tak\u0131m\u0131, denizcilik tutkusunu akademik disiplinle birle\u015ftiren, y\u00fcksek performansl\u0131 ve rekabet\u00e7i bir spor [&hellip;]<\/p>\n","protected":false},"author":1,"featured_media":254,"parent":0,"menu_order":0,"comment_status":"closed","ping_status":"closed","template":"","meta":{"footnotes":""},"class_list":["post-252","page","type-page","status-publish","has-post-thumbnail","hentry"],"_links":{"self":[{"href":"http:\/\/www.iusbk.org\/index.php?rest_route=\/wp\/v2\/pages\/252","targetHints":{"allow":["GET"]}}],"collection":[{"href":"http:\/\/www.iusbk.org\/index.php?rest_route=\/wp\/v2\/pages"}],"about":[{"href":"http:\/\/www.iusbk.org\/index.php?rest_route=\/wp\/v2\/types\/page"}],"author":[{"embeddable":true,"href":"http:\/\/www.iusbk.org\/index.php?rest_route=\/wp\/v2\/users\/1"}],"replies":[{"embeddable":true,"href":"http:\/\/www.iusbk.org\/index.php?rest_route=%2Fwp%2Fv2%2Fcomments&post=252"}],"version-history":[{"count":4,"href":"http:\/\/www.iusbk.org\/index.php?rest_route=\/wp\/v2\/pages\/252\/revisions"}],"predecessor-version":[{"id":283,"href":"http:\/\/www.iusbk.org\/index.php?rest_route=\/wp\/v2\/pages\/252\/revisions\/283"}],"wp:featuredmedia":[{"embeddable":true,"href":"http:\/\/www.iusbk.org\/index.php?rest_route=\/wp\/v2\/media\/254"}],"wp:attachment":[{"href":"http:\/\/www.iusbk.org\/index.php?rest_route=%2Fwp%2Fv2%2Fmedia&parent=252"}],"curies":[{"name":"wp","href":"https:\/\/api.w.org\/{rel}","templated":true}]}}