{"id":2,"date":"2023-01-10T11:12:56","date_gmt":"2023-01-10T08:12:56","guid":{"rendered":"http:\/\/www.iusbk.org\/?page_id=2"},"modified":"2025-06-17T12:50:02","modified_gmt":"2025-06-17T09:50:02","slug":"ornek-sayfa","status":"publish","type":"page","link":"http:\/\/www.iusbk.org\/?page_id=2","title":{"rendered":"Y\u00f6netim Kurulu"},"content":{"rendered":"\n<figure class=\"wp-block-image size-full is-resized\"><img loading=\"lazy\" decoding=\"async\" width=\"222\" height=\"287\" src=\"http:\/\/www.iusbk.org\/wp-content\/uploads\/2025\/06\/bayraktar.png\" alt=\"\" class=\"wp-image-125\" style=\"width:203px;height:auto\"\/><\/figure>\n\n\n\n<p><strong>Prof.Dr. B\u00fclent BAYRAKTAR<\/strong><br>KUL\u00dcP BA\u015eKANI<br>2018- \u0130stanbul T\u0131p Fak\u00fcltesi Dahili T\u0131p Bilimleri B\u00f6l\u00fcm\u00fc Spor Hekimli\u011fi Ana Bilim Dal\u0131 Ba\u015fkan\u0131<br>2018- Sa\u011fl\u0131k Bilimleri Enstit\u00fcs\u00fc Kurulu \u00dcyesi<br>2019- \u0130stanbul T\u0131p Fak\u00fcltesi Dekan Yard\u0131mc\u0131s\u0131<br>2020- T\u00fcrkiye Futbol Federasyonu Sa\u011fl\u0131k Kurulu Ba\u015fkan Yard\u0131mc\u0131s\u0131<br>2021-&nbsp;\u0130\u00dcSBSK Kul\u00fcp Ba\u015fkan\u0131<\/p>\n\n\n\n<p><a href=\"https:\/\/www.blogger.com\/#\"><\/a><\/p>\n\n\n\n<div class=\"wp-block-columns is-layout-flex wp-container-core-columns-is-layout-9d6595d7 wp-block-columns-is-layout-flex\">\n<div class=\"wp-block-column is-layout-flow wp-block-column-is-layout-flow\">\n<figure class=\"wp-block-image size-full is-resized\"><img loading=\"lazy\" decoding=\"async\" width=\"382\" height=\"476\" src=\"http:\/\/www.iusbk.org\/wp-content\/uploads\/2025\/06\/polat.png\" alt=\"\" class=\"wp-image-129\" style=\"width:206px;height:auto\" srcset=\"http:\/\/www.iusbk.org\/wp-content\/uploads\/2025\/06\/polat.png 382w, http:\/\/www.iusbk.org\/wp-content\/uploads\/2025\/06\/polat-241x300.png 241w\" sizes=\"auto, (max-width: 382px) 100vw, 382px\" \/><\/figure>\n\n\n\n<p><strong>Prof.Dr. G\u00f6khan POLAT<\/strong><br>\u0130stanbul \u00dcniversitesi \u0130stanbul T\u0131p Fak\u00fcltesi Cerrahi T\u0131p Bilimleri B\u00f6l\u00fcm\u00fc Ortopedi ve Travmatoloji Anabilim Dal\u0131 \u00d6\u011fretim \u00dcyesi <\/p>\n\n\n\n<ul class=\"wp-block-list\">\n<li>Veteran Basketbolcu<\/li>\n\n\n\n<li>2014-2021 T\u00fcrkiye Spor Yaralanmalar\u0131, Artroskopi ve Diz Cerrahisi Derne\u011fi, \u0130stanbul \u015eubesi YK \u00fcyesi<\/li>\n\n\n\n<li>2019-2021 TOTBID Spor Travmatolojisi \u015eubesi YK \u00fcyesi<\/li>\n\n\n\n<li>2018 &#8211; halen T\u00fcrkiye Futbol Federasyonu SP\u0130K \u00dcyesi<\/li>\n\n\n\n<li>2021- halen T\u00fcrkiye Spor Yaralanmalar\u0131, Artroskopi ve Diz Cerrahisi Derne\u011fi, Genel Sekreteri<\/li>\n<\/ul>\n<\/div>\n\n\n\n<div class=\"wp-block-column is-layout-flow wp-block-column-is-layout-flow\">\n<figure class=\"wp-block-image size-full is-resized\"><img loading=\"lazy\" decoding=\"async\" width=\"184\" height=\"184\" src=\"http:\/\/www.iusbk.org\/wp-content\/uploads\/2025\/06\/irfanturetgen.jpg\" alt=\"\" class=\"wp-image-134\" style=\"width:254px;height:auto\" srcset=\"http:\/\/www.iusbk.org\/wp-content\/uploads\/2025\/06\/irfanturetgen.jpg 184w, http:\/\/www.iusbk.org\/wp-content\/uploads\/2025\/06\/irfanturetgen-150x150.jpg 150w\" sizes=\"auto, (max-width: 184px) 100vw, 184px\" \/><\/figure>\n\n\n\n<p><strong>Prof.Dr. \u0130rfan T\u00dcRETGEN<\/strong><br>\u0130stanbul \u00dcniversitesi Fen Fak\u00fcltesi Biyoloji B\u00f6l\u00fcm\u00fc ve Marmara \u00dcniversitesi Spor Bilimleri Fak\u00fcltesi \u00d6\u011fretim \u00dcyesi<\/p>\n\n\n\n<ul class=\"wp-block-list\">\n<li>UCI (Uluslararas\u0131 Bisiklet Birli\u011fi) Sertifikal\u0131 Antren\u00f6r <\/li>\n\n\n\n<li>Bisiklet sporunda eski T\u00fcrkiye \u015eampiyonu (Yol + Zamana Kar\u015f\u0131)<\/li>\n<\/ul>\n<\/div>\n<\/div>\n\n\n\n<div class=\"wp-block-columns is-layout-flex wp-container-core-columns-is-layout-9d6595d7 wp-block-columns-is-layout-flex\">\n<div class=\"wp-block-column is-layout-flow wp-block-column-is-layout-flow\">\n<figure class=\"wp-block-image size-full\"><img loading=\"lazy\" decoding=\"async\" width=\"206\" height=\"257\" src=\"http:\/\/www.iusbk.org\/wp-content\/uploads\/2025\/06\/erturk.png\" alt=\"\" class=\"wp-image-133\"\/><\/figure>\n\n\n\n<p><strong>Prof.Dr. \u015e\u00fckr\u00fc Mehmet ERT\u00dcRK<\/strong><br>\u0130stanbul \u00dcniversitesi \u0130stanbul T\u0131p Fak\u00fcltesi, Dahili T\u0131p Bilimleri B\u00f6l\u00fcm\u00fc \u00d6\u011fretim \u00dcyesi<br><\/p>\n<\/div>\n\n\n\n<div class=\"wp-block-column is-layout-flow wp-block-column-is-layout-flow\">\n<figure class=\"wp-block-image size-full is-resized\"><img loading=\"lazy\" decoding=\"async\" width=\"197\" height=\"246\" src=\"http:\/\/www.iusbk.org\/wp-content\/uploads\/2025\/06\/didem.png\" alt=\"\" class=\"wp-image-130\" style=\"width:204px;height:auto\"\/><\/figure>\n\n\n\n<p><strong>Do\u00e7.Dr. Menek\u015fe Didem DEM\u0130RCAN AKYASAN<\/strong><br>\u0130stanbul \u00dcniversitesi Su Bilimleri Fak\u00fcltesi Su \u00dcr\u00fcnleri Yeti\u015ftiricili\u011fi ve Hastal\u0131klar\u0131 B\u00f6l\u00fcm\u00fc \u00d6\u011fretim \u00dcyesi<\/p>\n<\/div>\n<\/div>\n\n\n\n<div class=\"wp-block-columns is-layout-flex wp-container-core-columns-is-layout-9d6595d7 wp-block-columns-is-layout-flex\">\n<div class=\"wp-block-column is-layout-flow wp-block-column-is-layout-flow\">\n<figure class=\"wp-block-image size-full is-resized\"><img loading=\"lazy\" decoding=\"async\" width=\"197\" height=\"248\" src=\"http:\/\/www.iusbk.org\/wp-content\/uploads\/2025\/06\/duman.png\" alt=\"\" class=\"wp-image-127\" style=\"width:194px;height:auto\"\/><\/figure>\n\n\n\n<p><strong>Do\u00e7.Dr. Feray K\u00dc\u00c7\u00dcKBA\u015e DUMAN<\/strong><br>\u0130stanbul \u00dcniversitesi Havac\u0131l\u0131k Psikolojisi Ara\u015ft\u0131rmalar\u0131 Enstit\u00fcs\u00fc \u00d6\u011fretim \u00dcyesi<\/p>\n<\/div>\n\n\n\n<div class=\"wp-block-column is-layout-flow wp-block-column-is-layout-flow\">\n<figure class=\"wp-block-image size-full is-resized\"><img loading=\"lazy\" decoding=\"async\" width=\"162\" height=\"187\" src=\"http:\/\/www.iusbk.org\/wp-content\/uploads\/2025\/06\/doru.png\" alt=\"\" class=\"wp-image-131\" style=\"width:211px;height:auto\"\/><\/figure>\n\n\n\n<p><strong>Dr.\u00d6\u011fr. \u00dcyesi Seyit Rasim DORU<\/strong><br>\u0130stanbul \u00dcniversitesi Hukuk Fak\u00fcltesi, \u0130dare Hukuku Anabilim Dal\u0131 \u00d6\u011fretim \u00dcyesi<\/p>\n\n\n\n<ul class=\"wp-block-list\">\n<li>\u0130stanbul \u00dcniversitesi Genel Sekreteri<\/li>\n\n\n\n<li>2005-2009 \u0130stanbul \u00dcniversitesi Hukuk Fak\u00fcltesi Futbol Tak\u0131m\u0131 Oyuncusu<a href=\"https:\/\/www.blogger.com\/#\"><\/a><\/li>\n<\/ul>\n<\/div>\n<\/div>\n\n\n\n<div class=\"wp-block-columns is-layout-flex wp-container-core-columns-is-layout-9d6595d7 wp-block-columns-is-layout-flex\">\n<div class=\"wp-block-column is-layout-flow wp-block-column-is-layout-flow\">\n<figure class=\"wp-block-image size-full is-resized\"><img loading=\"lazy\" decoding=\"async\" width=\"185\" height=\"219\" src=\"http:\/\/www.iusbk.org\/wp-content\/uploads\/2025\/06\/turkoglu.png\" alt=\"\" class=\"wp-image-128\" style=\"width:193px;height:auto\"\/><\/figure>\n\n\n\n<p><strong>Dr.\u00d6\u011fr. \u00dcyesi S\u00fcleyman T\u00dcRKO\u011eLU<\/strong><br>\u0130leti\u015fim Fak\u00fcltesi, Radyo Televizyon ve Sinema B\u00f6l\u00fcm\u00fc \u00d6\u011fretim \u00dcyesi<\/p>\n<\/div>\n\n\n\n<div class=\"wp-block-column is-layout-flow wp-block-column-is-layout-flow\">\n<figure class=\"wp-block-image is-resized\"><a href=\"https:\/\/www.blogger.com\/#\"><img decoding=\"async\" src=\"https:\/\/1.bp.blogspot.com\/-W58vz_JsdmY\/X6A_MJoxgDI\/AAAAAAAAABc\/S2VWAY93e-A6vLrVbZjPWdC2NMZDlVnQQCLcBGAsYHQ\/s0\/ozkandeger-e1549542204251.jpg\" alt=\"\" style=\"width:182px;height:auto\"\/><\/a><\/figure>\n\n\n\n<p><strong>Dr.\u00d6\u011fr. \u00dcyesi \u00d6zkan DE\u011eER<\/strong><br>\u0130stanbul \u00dcniversitesi Fen Fak\u00fcltesi Matematik B\u00f6l\u00fcm\u00fc \u00d6\u011fretim \u00dcyesi<\/p>\n\n\n\n<ul class=\"wp-block-list\">\n<li>2013 &#8211; \u0130stanbul \u00dcniversitesi Fen Fak\u00fcltesi Spor Temsilcisi<\/li>\n\n\n\n<li>2018 &#8211; \u0130\u00dcSBK Y\u00f6netim Kurulu \u00dcyesi<\/li>\n\n\n\n<li>2019 &#8211; Yar\u0131 Maraton Ko\u015fucusu<\/li>\n\n\n\n<li>2019 &#8211; \u0130\u00dc Yelken Kul\u00fcb\u00fc Dan\u0131\u015fman\u0131<\/li>\n\n\n\n<li>2021 &#8211; \u0130\u00dcSBK Basketbol \u015eube Sorumlusu<\/li>\n\n\n\n<li>2022 &#8211; \u0130\u00dc Rafting Kul\u00fcb\u00fc Dan\u0131\u015fman\u0131<\/li>\n\n\n\n<li>2022 &#8211; \u0130\u00dcSBK Korumal\u0131 Futbol \u015eube Sorumlusu<\/li>\n<\/ul>\n<\/div>\n<\/div>\n\n\n\n<div class=\"wp-block-columns is-layout-flex wp-container-core-columns-is-layout-9d6595d7 wp-block-columns-is-layout-flex\">\n<div class=\"wp-block-column is-layout-flow wp-block-column-is-layout-flow\">\n<figure class=\"wp-block-image size-full is-resized\"><img loading=\"lazy\" decoding=\"async\" width=\"217\" height=\"266\" src=\"http:\/\/www.iusbk.org\/wp-content\/uploads\/2025\/06\/coskun.png\" alt=\"\" class=\"wp-image-126\" style=\"width:185px;height:auto\"\/><\/figure>\n\n\n\n<p><strong>Dr.\u00d6\u011fr. \u00dcyesi Osman CO\u015eKUN<\/strong><br>\u0130stanbul \u00dcniversitesi \u0130stanbul T\u0131p Fak\u00fcltesi Temel Bilimler B\u00f6l\u00fcm\u00fc \u00d6\u011fretim \u00dcyesi<br><\/p>\n<\/div>\n\n\n\n<div class=\"wp-block-column is-layout-flow wp-block-column-is-layout-flow\">\n<figure class=\"wp-block-image size-full is-resized\"><img loading=\"lazy\" decoding=\"async\" width=\"161\" height=\"202\" src=\"http:\/\/www.iusbk.org\/wp-content\/uploads\/2025\/06\/firtina.png\" alt=\"\" class=\"wp-image-132\" style=\"width:180px;height:auto\"\/><\/figure>\n\n\n\n<p><strong>Harun FIRTINA<\/strong><br>\u0130stanbul \u00dcniversitesi Sa\u011fl\u0131k K\u00fclt\u00fcr ve Spor Daire Ba\u015fkan\u0131<\/p>\n<\/div>\n<\/div>\n\n\n\n<p><strong>KUL\u00dcP M\u00dcD\u00dcR\u00dc<\/strong><a href=\"https:\/\/www.blogger.com\/#\"><\/a><\/p>\n\n\n\n<figure class=\"wp-block-image is-resized\"><img decoding=\"async\" src=\"https:\/\/cdn.istanbul.edu.tr\/image\/A0FB851BD9\/8364509E0223486094F497AD47481CEB\" alt=\"\" style=\"aspect-ratio:0.8011363636363636;width:172px;height:auto\"\/><\/figure>\n\n\n\n<p><strong>Mehmet ESEN<\/strong><br>\u0130stanbul \u00dcniversitesi Spor Birli\u011fi Kul\u00fcb\u00fc M\u00fcd\u00fcr\u00fc<\/p>\n\n\n\n<div class=\"wp-block-columns is-layout-flex wp-container-core-columns-is-layout-9d6595d7 wp-block-columns-is-layout-flex\">\n<div class=\"wp-block-column is-layout-flow wp-block-column-is-layout-flow\"><\/div>\n\n\n\n<div class=\"wp-block-column is-layout-flow wp-block-column-is-layout-flow\"><\/div>\n<\/div>\n\n\n\n<p><\/p>\n","protected":false},"excerpt":{"rendered":"<p>Prof.Dr. B\u00fclent BAYRAKTARKUL\u00dcP BA\u015eKANI2018- \u0130stanbul T\u0131p Fak\u00fcltesi Dahili T\u0131p Bilimleri B\u00f6l\u00fcm\u00fc Spor Hekimli\u011fi Ana Bilim [&hellip;]<\/p>\n","protected":false},"author":1,"featured_media":0,"parent":0,"menu_order":0,"comment_status":"closed","ping_status":"open","template":"","meta":{"footnotes":""},"class_list":["post-2","page","type-page","status-publish","hentry"],"_links":{"self":[{"href":"http:\/\/www.iusbk.org\/index.php?rest_route=\/wp\/v2\/pages\/2","targetHints":{"allow":["GET"]}}],"collection":[{"href":"http:\/\/www.iusbk.org\/index.php?rest_route=\/wp\/v2\/pages"}],"about":[{"href":"http:\/\/www.iusbk.org\/index.php?rest_route=\/wp\/v2\/types\/page"}],"author":[{"embeddable":true,"href":"http:\/\/www.iusbk.org\/index.php?rest_route=\/wp\/v2\/users\/1"}],"replies":[{"embeddable":true,"href":"http:\/\/www.iusbk.org\/index.php?rest_route=%2Fwp%2Fv2%2Fcomments&post=2"}],"version-history":[{"count":21,"href":"http:\/\/www.iusbk.org\/index.php?rest_route=\/wp\/v2\/pages\/2\/revisions"}],"predecessor-version":[{"id":295,"href":"http:\/\/www.iusbk.org\/index.php?rest_route=\/wp\/v2\/pages\/2\/revisions\/295"}],"wp:attachment":[{"href":"http:\/\/www.iusbk.org\/index.php?rest_route=%2Fwp%2Fv2%2Fmedia&parent=2"}],"curies":[{"name":"wp","href":"https:\/\/api.w.org\/{rel}","templated":true}]}}