{"id":199,"date":"2025-06-09T15:56:24","date_gmt":"2025-06-09T12:56:24","guid":{"rendered":"http:\/\/www.iusbk.org\/?page_id=199"},"modified":"2025-06-09T15:56:24","modified_gmt":"2025-06-09T12:56:24","slug":"masa-tenisi","status":"publish","type":"page","link":"http:\/\/www.iusbk.org\/?page_id=199","title":{"rendered":"Masa Tenisi"},"content":{"rendered":"\n<p>Masa tenisi tak\u0131m\u0131m\u0131z T\u00fcrkiye Masa Tenisi Federasyonu 3. Liginde m\u00fccadele etmektedir.<\/p>\n\n\n\n<div class=\"wp-block-columns is-layout-flex wp-container-core-columns-is-layout-9d6595d7 wp-block-columns-is-layout-flex\">\n<div class=\"wp-block-column is-layout-flow wp-block-column-is-layout-flow\" style=\"flex-basis:100%\">\n<div class=\"wp-block-columns is-layout-flex wp-container-core-columns-is-layout-9d6595d7 wp-block-columns-is-layout-flex\">\n<div class=\"wp-block-column is-layout-flow wp-block-column-is-layout-flow\" style=\"flex-basis:100%\">\n<figure class=\"wp-block-image size-full\"><img loading=\"lazy\" decoding=\"async\" width=\"340\" height=\"312\" src=\"http:\/\/www.iusbk.org\/wp-content\/uploads\/2025\/06\/screenshoteasy-12.png\" alt=\"\" class=\"wp-image-204\" srcset=\"http:\/\/www.iusbk.org\/wp-content\/uploads\/2025\/06\/screenshoteasy-12.png 340w, http:\/\/www.iusbk.org\/wp-content\/uploads\/2025\/06\/screenshoteasy-12-300x275.png 300w\" sizes=\"auto, (max-width: 340px) 100vw, 340px\" \/><\/figure>\n\n\n\n<figure class=\"wp-block-image size-full is-resized\"><img loading=\"lazy\" decoding=\"async\" width=\"334\" height=\"259\" src=\"http:\/\/www.iusbk.org\/wp-content\/uploads\/2025\/06\/screenshoteasy-13.png\" alt=\"\" class=\"wp-image-203\" style=\"width:344px;height:auto\" srcset=\"http:\/\/www.iusbk.org\/wp-content\/uploads\/2025\/06\/screenshoteasy-13.png 334w, http:\/\/www.iusbk.org\/wp-content\/uploads\/2025\/06\/screenshoteasy-13-300x233.png 300w\" sizes=\"auto, (max-width: 334px) 100vw, 334px\" \/><\/figure>\n<\/div>\n<\/div>\n<\/div>\n<\/div>\n\n\n\n<figure class=\"wp-block-image size-full is-resized\"><img loading=\"lazy\" decoding=\"async\" width=\"307\" height=\"251\" src=\"http:\/\/www.iusbk.org\/wp-content\/uploads\/2025\/06\/screenshoteasy-15.png\" alt=\"\" class=\"wp-image-201\" style=\"width:350px;height:auto\" srcset=\"http:\/\/www.iusbk.org\/wp-content\/uploads\/2025\/06\/screenshoteasy-15.png 307w, http:\/\/www.iusbk.org\/wp-content\/uploads\/2025\/06\/screenshoteasy-15-300x245.png 300w\" sizes=\"auto, (max-width: 307px) 100vw, 307px\" \/><\/figure>\n\n\n\n<figure class=\"wp-block-image size-full is-resized\"><img loading=\"lazy\" decoding=\"async\" width=\"309\" height=\"190\" src=\"http:\/\/www.iusbk.org\/wp-content\/uploads\/2025\/06\/screenshoteasy-14.png\" alt=\"\" class=\"wp-image-202\" style=\"width:356px;height:auto\" srcset=\"http:\/\/www.iusbk.org\/wp-content\/uploads\/2025\/06\/screenshoteasy-14.png 309w, http:\/\/www.iusbk.org\/wp-content\/uploads\/2025\/06\/screenshoteasy-14-300x184.png 300w\" sizes=\"auto, (max-width: 309px) 100vw, 309px\" \/><\/figure>\n\n\n\n<figure class=\"wp-block-image size-full is-resized\"><img loading=\"lazy\" decoding=\"async\" width=\"309\" height=\"210\" src=\"http:\/\/www.iusbk.org\/wp-content\/uploads\/2025\/06\/screenshoteasy-16.png\" alt=\"\" class=\"wp-image-200\" style=\"width:362px;height:auto\" srcset=\"http:\/\/www.iusbk.org\/wp-content\/uploads\/2025\/06\/screenshoteasy-16.png 309w, http:\/\/www.iusbk.org\/wp-content\/uploads\/2025\/06\/screenshoteasy-16-300x204.png 300w\" sizes=\"auto, (max-width: 309px) 100vw, 309px\" \/><\/figure>\n","protected":false},"excerpt":{"rendered":"<p>Masa tenisi tak\u0131m\u0131m\u0131z T\u00fcrkiye Masa Tenisi Federasyonu 3. Liginde m\u00fccadele etmektedir.<\/p>\n","protected":false},"author":1,"featured_media":204,"parent":0,"menu_order":0,"comment_status":"closed","ping_status":"closed","template":"","meta":{"footnotes":""},"class_list":["post-199","page","type-page","status-publish","has-post-thumbnail","hentry"],"_links":{"self":[{"href":"http:\/\/www.iusbk.org\/index.php?rest_route=\/wp\/v2\/pages\/199","targetHints":{"allow":["GET"]}}],"collection":[{"href":"http:\/\/www.iusbk.org\/index.php?rest_route=\/wp\/v2\/pages"}],"about":[{"href":"http:\/\/www.iusbk.org\/index.php?rest_route=\/wp\/v2\/types\/page"}],"author":[{"embeddable":true,"href":"http:\/\/www.iusbk.org\/index.php?rest_route=\/wp\/v2\/users\/1"}],"replies":[{"embeddable":true,"href":"http:\/\/www.iusbk.org\/index.php?rest_route=%2Fwp%2Fv2%2Fcomments&post=199"}],"version-history":[{"count":1,"href":"http:\/\/www.iusbk.org\/index.php?rest_route=\/wp\/v2\/pages\/199\/revisions"}],"predecessor-version":[{"id":205,"href":"http:\/\/www.iusbk.org\/index.php?rest_route=\/wp\/v2\/pages\/199\/revisions\/205"}],"wp:featuredmedia":[{"embeddable":true,"href":"http:\/\/www.iusbk.org\/index.php?rest_route=\/wp\/v2\/media\/204"}],"wp:attachment":[{"href":"http:\/\/www.iusbk.org\/index.php?rest_route=%2Fwp%2Fv2%2Fmedia&parent=199"}],"curies":[{"name":"wp","href":"https:\/\/api.w.org\/{rel}","templated":true}]}}